{"id":1939,"date":"2021-05-15T02:38:39","date_gmt":"2021-05-15T02:38:39","guid":{"rendered":"https:\/\/www.c-flexion.nl\/?page_id=1939"},"modified":"2023-10-12T13:46:26","modified_gmt":"2023-10-12T13:46:26","slug":"cv-begeleiding","status":"publish","type":"page","link":"https:\/\/www.c-flexion.nl\/en\/cv-begeleiding\/","title":{"rendered":"CV Guidance"},"content":{"rendered":"\n<p style=\"font-size:23px\"><strong>WAT BRENG IK MEE?<\/strong><\/p>\n\n\n\n<p>Ik ben goed in kijken, luisteren en aanvoelen wat mensen beweegt, wat ze raakt en hoe ze hierop reageren. De ervaring leert dat ik makkelijk aansluiting vind bij eerder door cli\u00ebnten gevolgde lichaamsgerichte en\/of psychosociale therapie\u00ebn, waardoor kan ik ze ondersteunen in het oefenen en inslijten van daar geleerde vaardigheden. Deze fases lopen doorgaans natuurlijk in elkaar over.<\/p>\n\n\n\n<p>Naast de hieronder genoemde cursussen en werkervaring bestudeer ik boeken en theorie\u00ebn van o.a. Gabor Mat\u00e9: Wanneer je lichaam nee zegt, Peter Levine: De tijger ontwaakt, Stephen Porges: De Polyvagaaltheorie, Laurence Heller: Ontwikkelingstrauma helen, Iris Koops: Herstellen van narcistische mishandeling, Van weerzin naar weer zin: Carlie van Tongeren &amp; Ingeborg Timmerman, Bessel van der Kolk: Traumasporen.<\/p>\n\n\n\n<ul><li><strong>2023 Feb <strong>\u2013<\/strong> Trauma of Racism &#8211; Strategies for Working with the Wounds of Racism<\/strong><br>Georganiseerd door Dr. Thema Bryant en Dr. Ruth Buczynski. Voor dit traumatrainingsprogramma hebben we ons gewend tot 19 experts op het gebied van multiculturele psychologie. Ze deelden hun beste cultureel ge\u00efnformeerde strategie\u00ebn om cli\u00ebnten van kleur te helpen genezen van de verborgen wonden van raciaal trauma. Mogelijk gemaakt door <a rel=\"noreferrer noopener\" href=\"https:\/\/www.nicabm.com\/program\/trauma-racism\/\" target=\"_blank\">NICABM &#8211; National Institute fore the Clinical Application of Behavioural Medicine<\/a> (National Institute voor de klinische toepassing van gedragsgeneeskunde)<\/li><li><strong>2022 April <strong>\u2013<\/strong><\/strong> <strong>The Wisdom of Trauma 70+ hours of continued learning<\/strong><br>Gabor Mat\u00e9 en andere impactvolle stemmen op het gebied van traumagenezing.<br>Deze cursus van Science and Nonduality (<a rel=\"noreferrer noopener\" href=\"https:\/\/www.scienceandnonduality.com\/\" target=\"_blank\">SAND<\/a>) is een essenti\u00eble gids voor het begrijpen en integreren van trauma door middel van educatief materiaal met Dr. Gabor Mat\u00e9, in gesprek met 72 toonaangevende experts, artiesten, auteurs en activisten zoals Stephen W. Porges, Jamie Lee Curtis, Esther Perel, Bessel van der Kolk , Tara Brach, Alanis Morissette, Peter A. Levine, Daniel Siegel, Sia, Marianne Williamson, Sharon Salzberg en nog veel meer. Bezoek voor de volledige lijst en meer info <a rel=\"noreferrer noopener\" href=\"https:\/\/thewisdomoftrauma.com\/the-wisdom-of-trauma-all-access-pass\/\" target=\"_blank\">thewisdomoftrauma.com<\/a> en <a rel=\"noreferrer noopener\" href=\"https:\/\/drgabormate.com\/courses\" target=\"_blank\">drgabormate.com<\/a>.<br><br>Deze krachtige gids geeft iedereen de mogelijkheid om op eigen tempo te onderzoeken hoe trauma zich verhoudt tot elk facet van het leven, inclusief ouderschap, politiek, klimaatcrisis, het medische paradigma, spiritualiteit en meer. Leer van de wijsheid en helderheid van Dr. Mat\u00e9 en andere dynamische stemmen om de individuele en collectieve ervaring op het pad van ware genezing uit te breiden. Inbegrepen in dit programma:<br>* Terugkeren naar heelheid &#8211; een gids voor het begrijpen en integreren van trauma &#8211; 7 uur durende cursus met Dr. Gabor Mat\u00e9<br>* Cursusprogramma van 60 uur over trauma<br>* Serie &#8216;Talks on Trauma&#8217; gepresenteerd door Dr. Gabor Mat\u00e9<br>* Documentaire over het werk van Gabor Mat\u00e9: The Wisdom of Trauma<br>* veel meer<\/li><li><strong>2020 t\/m heden \u2013 diverse langdurige Individuele Begeleidingstrajecten<\/strong><\/li><li><strong>2019 Mei \u2013 Embodied Trauma Healing \u2013 restoring aliveness<\/strong> (8 dagen seminar)<br>Ralf Marzen \u2013 Sunshine House<br><strong>De onderwerpen:<\/strong> Shocktrauma en Ontwikkelingstrauma. <strong>De benadering van behandeltechnieken:<\/strong> SE (Somatic Experiencing) en NARM (Neuro-Affectief Relationeel Model) zijn lichaamsgerichte therapie\u00ebn die werken met de effecten van shock, trauma en stress. Door toegang te krijgen tot het bewustzijn van het lichaam verbinden ze ons opnieuw met onze eigen natuurlijk (zelf)helende capaciteiten. Hierdoor kunnen zowel fysieke als emotionele symptomen van traumatische gebeurtenissen worden losgelaten.<\/li><li><strong>2019 Mrt t\/m Jul \u2013 Intensief Individueel Begeleidingstraject<\/strong><\/li><li><strong>2017 Mrt t\/m Sept 7 trainingsdagen &amp; wekelijkse praktijkervaring<\/strong><br>* Contact maken vanuit het Gevoel<br>* Su\u00efcide Preventie<br>* Persoonlijkheidsstoornissen<br><strong>Hulplijn Amsterdam<\/strong><\/li><li><strong>2011 t\/m 2014 \u2013 Diverse langdurige Individuele Begeleidingstrajecten<\/strong><br><strong>Vriend GGZ, Stichting CAV<\/strong> en <strong>Kopzorg<\/strong><\/li><\/ul>\n\n\n\n<p><strong><a href=\"https:\/\/www.c-flexion.nl\/nl\/cv-opleiding-ervaring\/\">Klik hier voor een vollediger overzicht van mijn opleidingen en ervaring.<\/a><\/strong><\/p>\n","protected":false},"excerpt":{"rendered":"<p>WAT BRENG IK MEE? Ik ben goed in kijken, luisteren en aanvoelen wat mensen beweegt, wat ze raakt en hoe ze hierop reageren. De ervaring leert dat ik makkelijk aansluiting vind bij eerder door cli\u00ebnten gevolgde lichaamsgerichte en\/of psychosociale therapie\u00ebn, waardoor kan ik ze ondersteunen in het oefenen en inslijten van daar geleerde vaardigheden. Deze [&hellip;]<\/p>\n","protected":false},"author":1,"featured_media":0,"parent":0,"menu_order":0,"comment_status":"closed","ping_status":"closed","template":"","meta":{"footnotes":""},"_links":{"self":[{"href":"https:\/\/www.c-flexion.nl\/en\/wp-json\/wp\/v2\/pages\/1939"}],"collection":[{"href":"https:\/\/www.c-flexion.nl\/en\/wp-json\/wp\/v2\/pages"}],"about":[{"href":"https:\/\/www.c-flexion.nl\/en\/wp-json\/wp\/v2\/types\/page"}],"author":[{"embeddable":true,"href":"https:\/\/www.c-flexion.nl\/en\/wp-json\/wp\/v2\/users\/1"}],"replies":[{"embeddable":true,"href":"https:\/\/www.c-flexion.nl\/en\/wp-json\/wp\/v2\/comments?post=1939"}],"version-history":[{"count":327,"href":"https:\/\/www.c-flexion.nl\/en\/wp-json\/wp\/v2\/pages\/1939\/revisions"}],"predecessor-version":[{"id":2604,"href":"https:\/\/www.c-flexion.nl\/en\/wp-json\/wp\/v2\/pages\/1939\/revisions\/2604"}],"wp:attachment":[{"href":"https:\/\/www.c-flexion.nl\/en\/wp-json\/wp\/v2\/media?parent=1939"}],"curies":[{"name":"wp","href":"https:\/\/api.w.org\/{rel}","templated":true}]}}